{"id":15257,"date":"2024-02-14T11:02:34","date_gmt":"2024-02-14T11:02:34","guid":{"rendered":"http:\/\/192.168.0.134:10115\/contact-copy\/"},"modified":"2025-08-31T00:38:43","modified_gmt":"2025-08-31T00:38:43","slug":"contact","status":"publish","type":"page","link":"https:\/\/plusvizion.com\/index.php\/contact\/","title":{"rendered":"Contact"},"content":{"rendered":"\t\t<div data-elementor-type=\"wp-page\" data-elementor-id=\"15257\" class=\"elementor elementor-15257\">\n\t\t\t\t\r\n\t\t<div class=\"default no-position show_shadow rs-sticky-default elementor-element elementor-element-739cf80 e-flex e-con-boxed e-con e-parent\" data-id=\"739cf80\" data-element_type=\"container\" data-e-type=\"container\">\n\t\t\t\t\t<div class=\"e-con-inner\">\n\t\t\r\n\t\t\t\t<div class=\"elementor-element elementor-element-ef7eb2d elementor-widget elementor-widget-rs-heading\" data-id=\"ef7eb2d\" data-element_type=\"widget\" data-e-type=\"widget\" data-widget_type=\"rs-heading.default\">\n\t\t\t\t<div class=\"elementor-widget-container\">\n\t\t\t\t\t\n\t\t<div class=\"prelements-heading style1  \">\n\t\t\t<div class=\"title-inner\">\n\t\t\t\t\t\t\t\t\t<span class=\"sub-text\">\n\t\t\t\t\t\t\t\t\t\t\t\tB\u0130ZE ULA\u015eIN\t\t\t\t\t<\/span>\n\t\t\t\t<h2 class=\"title rs-split-text-disable \">OF\u0130SLER\u0130M\u0130Z<\/h2>\n\t\t\t<\/div>\n\t\t\t\t\t<\/div>\n\t\t\t\t<\/div>\n\t\t\t\t<\/div>\n\t\t\r\n\t\t<div class=\"default no-position show_shadow rs-sticky-default elementor-element elementor-element-321545c e-flex e-con-boxed e-con e-child\" data-id=\"321545c\" data-element_type=\"container\" data-e-type=\"container\">\n\t\t\t\t\t<div class=\"e-con-inner\">\n\t\t\r\n\t\t<div class=\"default no-position show_shadow rs-sticky-default elementor-element elementor-element-701232c e-con-full e-flex e-con e-child\" data-id=\"701232c\" data-element_type=\"container\" data-e-type=\"container\" data-settings=\"{&quot;background_background&quot;:&quot;classic&quot;}\">\n\t\t\r\n\t\t\t\t<div class=\"elementor-element elementor-element-461dbe0 elementor-widget elementor-widget-rs-heading\" data-id=\"461dbe0\" data-element_type=\"widget\" data-e-type=\"widget\" data-widget_type=\"rs-heading.default\">\n\t\t\t\t<div class=\"elementor-widget-container\">\n\t\t\t\t\t\n\t\t<div class=\"prelements-heading default  \">\n\t\t\t<div class=\"title-inner\">\n\t\t\t\t<h4 class=\"title rs-split-text-disable \">ANTALYA\/T\u00dcRKIYE<\/h4>\n\t\t\t<\/div>\n\t\t\t\t\t<\/div>\n\t\t\t\t<\/div>\n\t\t\t\t<\/div>\n\t\t\r\n\t\t\t\t<div class=\"elementor-element elementor-element-8622385 elementor-widget elementor-widget-rs-contact-box\" data-id=\"8622385\" data-element_type=\"widget\" data-e-type=\"widget\" data-widget_type=\"rs-contact-box.default\">\n\t\t\t\t<div class=\"elementor-widget-container\">\n\t\t\t\t\t\t\t\r\n\t\t\r\n\r\n\t\t<!-- Style 1 Start -->\r\n\t\t<div class=\"rs-contact-box\">\r\n\r\n\t\t\t\t\t\t<div class=\"address-item boxstyle1\">\r\n\r\n\t\t\t\t\t\t\t            <div class=\"address-icon icon_1 elementor-repeater-item-2c873c3\">\r\n\t\t            \t<svg xmlns=\"http:\/\/www.w3.org\/2000\/svg\" viewBox=\"0 0 24 24\" fill=\"currentColor\"><path d=\"M9.36556 10.6821C10.302 12.3288 11.6712 13.698 13.3179 14.6344L14.2024 13.3961C14.4965 12.9845 15.0516 12.8573 15.4956 13.0998C16.9024 13.8683 18.4571 14.3353 20.0789 14.4637C20.599 14.5049 21 14.9389 21 15.4606V19.9234C21 20.4361 20.6122 20.8657 20.1022 20.9181C19.5723 20.9726 19.0377 21 18.5 21C9.93959 21 3 14.0604 3 5.5C3 4.96227 3.02742 4.42771 3.08189 3.89776C3.1343 3.38775 3.56394 3 4.07665 3H8.53942C9.0611 3 9.49513 3.40104 9.5363 3.92109C9.66467 5.54288 10.1317 7.09764 10.9002 8.50444C11.1427 8.9484 11.0155 9.50354 10.6039 9.79757L9.36556 10.6821ZM6.84425 10.0252L8.7442 8.66809C8.20547 7.50514 7.83628 6.27183 7.64727 5H5.00907C5.00303 5.16632 5 5.333 5 5.5C5 12.9558 11.0442 19 18.5 19C18.667 19 18.8337 18.997 19 18.9909V16.3527C17.7282 16.1637 16.4949 15.7945 15.3319 15.2558L13.9748 17.1558C13.4258 16.9425 12.8956 16.6915 12.3874 16.4061L12.3293 16.373C10.3697 15.2587 8.74134 13.6303 7.627 11.6707L7.59394 11.6126C7.30849 11.1044 7.05754 10.5742 6.84425 10.0252Z\"><\/path><\/svg>\t\t            <\/div>\r\n\t\t            \r\n\t\t            <div class=\"address-text\">\r\n\t\t            \t\t\t\t\t\t\t   \r\n\t\t            \t\t\t\t            \t<div class=\"phone\">\r\n\t\t\t            \t\t\t\t\t\t                \r\n\t\t\t\t                <a href=\"tel:+905070105828\">+90 507 010 58 28<\/a>\r\n\t\t\t\t            <\/div>\r\n\t\t\t       \t\t\t\t\t\t\t\t   \r\n\r\n\t\t            \t\t\t\t\t\t\t   \r\n\t\t            <\/div>\r\n\t\t\t\t\t<span class=\"des-right-icon\"><\/span>\r\n\t\t        <\/div>\r\n\t\t\t\t\t\t\t<div class=\"address-item boxstyle1\">\r\n\r\n\t\t\t\t\t\t\t            <div class=\"address-icon icon_2 elementor-repeater-item-a951b56\">\r\n\t\t            \t<svg xmlns=\"http:\/\/www.w3.org\/2000\/svg\" viewBox=\"0 0 24 24\" fill=\"currentColor\"><path d=\"M3 3H21C21.5523 3 22 3.44772 22 4V20C22 20.5523 21.5523 21 21 21H3C2.44772 21 2 20.5523 2 20V4C2 3.44772 2.44772 3 3 3ZM20 7.23792L12.0718 14.338L4 7.21594V19H20V7.23792ZM4.51146 5L12.0619 11.662L19.501 5H4.51146Z\"><\/path><\/svg>\t\t            <\/div>\r\n\t\t            \r\n\t\t            <div class=\"address-text\">\r\n\t\t            \t\t\t\t\t\t\t   \r\n\t\t            \t\t\t\t\t\t\t   \r\n\r\n\t\t            \t\t\t\t            \t<div class=\"email\">\r\n\t\t\t            \t\t\t\t\t\t                <a href=\"mailto:info@plusvizion.com\">info@plusvizion.com<\/a>\r\n\t\t\t\t            <\/div>\r\n\t\t\t       \t\t\t\t\t\t\t\t   \r\n\t\t            <\/div>\r\n\t\t\t\t\t<span class=\"des-right-icon\"><\/span>\r\n\t\t        <\/div>\r\n\t\t\t\t\t\t\t<div class=\"address-item boxstyle1\">\r\n\r\n\t\t\t\t\t\t\t            <div class=\"address-icon icon_3 elementor-repeater-item-e431e2c\">\r\n\t\t            \t<svg xmlns=\"http:\/\/www.w3.org\/2000\/svg\" viewBox=\"0 0 24 24\" fill=\"currentColor\"><path d=\"M12 22C6.47715 22 2 17.5228 2 12C2 6.47715 6.47715 2 12 2C17.5228 2 22 6.47715 22 12C22 17.5228 17.5228 22 12 22ZM12 20C16.4183 20 20 16.4183 20 12C20 7.58172 16.4183 4 12 4C7.58172 4 4 7.58172 4 12C4 16.4183 7.58172 20 12 20ZM13 12H17V14H11V7H13V12Z\"><\/path><\/svg>\t\t            <\/div>\r\n\t\t            \r\n\t\t            <div class=\"address-text\">\r\n\t\t            \t\t\t            \t<div class=\"text\">\r\n\t\t            \t\t\t\t\t\t\t\t\t\t\t\t\t\t\t\t\t\t\t\t\t\t\t\t\t\t\t<span class=\"des\">\r\n\t\t\t\t\t\t\t\t\t\tP.tesi - Cuma  8.00 - 20.00\t\t\t\t\t\t\t\t\t<\/span>\r\n\t\t\t\t\t\t\t\t\t\t\t\t\t\t\t\t\t\t\t\t\t            <\/div>\r\n\t\t\t       \t\t\t\t\t\t\t\t   \r\n\t\t            \t\t\t\t\t\t\t   \r\n\r\n\t\t            \t\t\t\t\t\t\t   \r\n\t\t            <\/div>\r\n\t\t\t\t\t<span class=\"des-right-icon\"><\/span>\r\n\t\t        <\/div>\r\n\t\t\t\t\t<\/div>\r\n\r\n\t<!-- Style 1 End -->\t\r\n\t\t\r\n\t\t\t\t\t<\/div>\n\t\t\t\t<\/div>\n\t\t\r\n\t\t\t\t<div class=\"elementor-element elementor-element-bbe7489 elementor-widget elementor-widget-rs-button\" data-id=\"bbe7489\" data-element_type=\"widget\" data-e-type=\"widget\" data-widget_type=\"rs-button.default\">\n\t\t\t\t<div class=\"elementor-widget-container\">\n\t\t\t\t\t\t\t<div class=\"rs-button style1\">\r\n\t\t\t\t\t\t<a class=\"rs-btn\" href=\"https:\/\/maps.app.goo.gl\/juis3vt8UBjUFuVR9\" target=_blank>\t\r\n\t\t\t\t<span>View Location \r\n\t\t\t\t\t\t\t\t\t<em>\r\n\t\t\t\t\t\t<svg xmlns=\"http:\/\/www.w3.org\/2000\/svg\" width=\"19\" height=\"12\" viewBox=\"0 0 19 12\" fill=\"none\"><path d=\"M18.5303 6.53033C18.8232 6.23744 18.8232 5.76256 18.5303 5.46967L13.7574 0.696698C13.4645 0.403805 12.9896 0.403805 12.6967 0.696698C12.4038 0.989591 12.4038 1.46447 12.6967 1.75736L16.9393 6L12.6967 10.2426C12.4038 10.5355 12.4038 11.0104 12.6967 11.3033C12.9896 11.5962 13.4645 11.5962 13.7574 11.3033L18.5303 6.53033ZM6.55671e-08 6.75L18 6.75L18 5.25L-6.55671e-08 5.25L6.55671e-08 6.75Z\" fill=\"#0D80CE\"><\/path><\/svg>\t\t\t\t\t\t<svg xmlns=\"http:\/\/www.w3.org\/2000\/svg\" width=\"19\" height=\"12\" viewBox=\"0 0 19 12\" fill=\"none\"><path d=\"M18.5303 6.53033C18.8232 6.23744 18.8232 5.76256 18.5303 5.46967L13.7574 0.696698C13.4645 0.403805 12.9896 0.403805 12.6967 0.696698C12.4038 0.989591 12.4038 1.46447 12.6967 1.75736L16.9393 6L12.6967 10.2426C12.4038 10.5355 12.4038 11.0104 12.6967 11.3033C12.9896 11.5962 13.4645 11.5962 13.7574 11.3033L18.5303 6.53033ZM6.55671e-08 6.75L18 6.75L18 5.25L-6.55671e-08 5.25L6.55671e-08 6.75Z\" fill=\"#0D80CE\"><\/path><\/svg>\t\t\t\t\t<\/em>\t\r\n\t\t\t\t\t\t\t\t<\/span>\r\n\t\t\t<\/a>\r\n\t\t<\/div>\r\n\t\t\t\t<\/div>\n\t\t\t\t<\/div>\n\t\t\t\t<\/div>\n\t\t\r\n\t\t<div class=\"default no-position show_shadow rs-sticky-default elementor-element elementor-element-7c0bf1b e-con-full e-flex e-con e-child\" data-id=\"7c0bf1b\" data-element_type=\"container\" data-e-type=\"container\" data-settings=\"{&quot;background_background&quot;:&quot;classic&quot;}\">\n\t\t\r\n\t\t\t\t<div class=\"elementor-element elementor-element-392c34b elementor-widget elementor-widget-rs-heading\" data-id=\"392c34b\" data-element_type=\"widget\" data-e-type=\"widget\" data-widget_type=\"rs-heading.default\">\n\t\t\t\t<div class=\"elementor-widget-container\">\n\t\t\t\t\t\n\t\t<div class=\"prelements-heading default  \">\n\t\t\t<div class=\"title-inner\">\n\t\t\t\t<h4 class=\"title rs-split-text-disable \">BODRUM\/T\u00dcRKIYE<\/h4>\n\t\t\t<\/div>\n\t\t\t\t\t<\/div>\n\t\t\t\t<\/div>\n\t\t\t\t<\/div>\n\t\t\r\n\t\t\t\t<div class=\"elementor-element elementor-element-2ba422d elementor-widget elementor-widget-rs-contact-box\" data-id=\"2ba422d\" data-element_type=\"widget\" data-e-type=\"widget\" data-widget_type=\"rs-contact-box.default\">\n\t\t\t\t<div class=\"elementor-widget-container\">\n\t\t\t\t\t\t\t\r\n\t\t\r\n\r\n\t\t<!-- Style 1 Start -->\r\n\t\t<div class=\"rs-contact-box\">\r\n\r\n\t\t\t\t\t\t<div class=\"address-item boxstyle1\">\r\n\r\n\t\t\t\t\t\t\t            <div class=\"address-icon icon_1 elementor-repeater-item-2c873c3\">\r\n\t\t            \t<svg xmlns=\"http:\/\/www.w3.org\/2000\/svg\" viewBox=\"0 0 24 24\" fill=\"currentColor\"><path d=\"M9.36556 10.6821C10.302 12.3288 11.6712 13.698 13.3179 14.6344L14.2024 13.3961C14.4965 12.9845 15.0516 12.8573 15.4956 13.0998C16.9024 13.8683 18.4571 14.3353 20.0789 14.4637C20.599 14.5049 21 14.9389 21 15.4606V19.9234C21 20.4361 20.6122 20.8657 20.1022 20.9181C19.5723 20.9726 19.0377 21 18.5 21C9.93959 21 3 14.0604 3 5.5C3 4.96227 3.02742 4.42771 3.08189 3.89776C3.1343 3.38775 3.56394 3 4.07665 3H8.53942C9.0611 3 9.49513 3.40104 9.5363 3.92109C9.66467 5.54288 10.1317 7.09764 10.9002 8.50444C11.1427 8.9484 11.0155 9.50354 10.6039 9.79757L9.36556 10.6821ZM6.84425 10.0252L8.7442 8.66809C8.20547 7.50514 7.83628 6.27183 7.64727 5H5.00907C5.00303 5.16632 5 5.333 5 5.5C5 12.9558 11.0442 19 18.5 19C18.667 19 18.8337 18.997 19 18.9909V16.3527C17.7282 16.1637 16.4949 15.7945 15.3319 15.2558L13.9748 17.1558C13.4258 16.9425 12.8956 16.6915 12.3874 16.4061L12.3293 16.373C10.3697 15.2587 8.74134 13.6303 7.627 11.6707L7.59394 11.6126C7.30849 11.1044 7.05754 10.5742 6.84425 10.0252Z\"><\/path><\/svg>\t\t            <\/div>\r\n\t\t            \r\n\t\t            <div class=\"address-text\">\r\n\t\t            \t\t\t\t\t\t\t   \r\n\t\t            \t\t\t\t            \t<div class=\"phone\">\r\n\t\t\t            \t\t\t\t\t\t                \r\n\t\t\t\t                <a href=\"tel:+905444303909\">+90 544 430 39 09<\/a>\r\n\t\t\t\t            <\/div>\r\n\t\t\t       \t\t\t\t\t\t\t\t   \r\n\r\n\t\t            \t\t\t\t\t\t\t   \r\n\t\t            <\/div>\r\n\t\t\t\t\t<span class=\"des-right-icon\"><\/span>\r\n\t\t        <\/div>\r\n\t\t\t\t\t\t\t<div class=\"address-item boxstyle1\">\r\n\r\n\t\t\t\t\t\t\t            <div class=\"address-icon icon_2 elementor-repeater-item-a951b56\">\r\n\t\t            \t<svg xmlns=\"http:\/\/www.w3.org\/2000\/svg\" viewBox=\"0 0 24 24\" fill=\"currentColor\"><path d=\"M3 3H21C21.5523 3 22 3.44772 22 4V20C22 20.5523 21.5523 21 21 21H3C2.44772 21 2 20.5523 2 20V4C2 3.44772 2.44772 3 3 3ZM20 7.23792L12.0718 14.338L4 7.21594V19H20V7.23792ZM4.51146 5L12.0619 11.662L19.501 5H4.51146Z\"><\/path><\/svg>\t\t            <\/div>\r\n\t\t            \r\n\t\t            <div class=\"address-text\">\r\n\t\t            \t\t\t\t\t\t\t   \r\n\t\t            \t\t\t\t\t\t\t   \r\n\r\n\t\t            \t\t\t\t            \t<div class=\"email\">\r\n\t\t\t            \t\t\t\t\t\t                <a href=\"mailto:ali@plusvizion.com\">ali@plusvizion.com<\/a>\r\n\t\t\t\t            <\/div>\r\n\t\t\t       \t\t\t\t\t\t\t\t   \r\n\t\t            <\/div>\r\n\t\t\t\t\t<span class=\"des-right-icon\"><\/span>\r\n\t\t        <\/div>\r\n\t\t\t\t\t\t\t<div class=\"address-item boxstyle1\">\r\n\r\n\t\t\t\t\t\t\t            <div class=\"address-icon icon_3 elementor-repeater-item-e431e2c\">\r\n\t\t            \t<svg xmlns=\"http:\/\/www.w3.org\/2000\/svg\" viewBox=\"0 0 24 24\" fill=\"currentColor\"><path d=\"M12 22C6.47715 22 2 17.5228 2 12C2 6.47715 6.47715 2 12 2C17.5228 2 22 6.47715 22 12C22 17.5228 17.5228 22 12 22ZM12 20C16.4183 20 20 16.4183 20 12C20 7.58172 16.4183 4 12 4C7.58172 4 4 7.58172 4 12C4 16.4183 7.58172 20 12 20ZM13 12H17V14H11V7H13V12Z\"><\/path><\/svg>\t\t            <\/div>\r\n\t\t            \r\n\t\t            <div class=\"address-text\">\r\n\t\t            \t\t\t            \t<div class=\"text\">\r\n\t\t            \t\t\t\t\t\t\t\t\t\t\t\t\t\t\t\t\t\t\t\t\t\t\t\t\t\t\t<span class=\"des\">\r\n\t\t\t\t\t\t\t\t\t\tP.tesi - Cuma  8.00 - 20.00\t\t\t\t\t\t\t\t\t<\/span>\r\n\t\t\t\t\t\t\t\t\t\t\t\t\t\t\t\t\t\t\t\t\t            <\/div>\r\n\t\t\t       \t\t\t\t\t\t\t\t   \r\n\t\t            \t\t\t\t\t\t\t   \r\n\r\n\t\t            \t\t\t\t\t\t\t   \r\n\t\t            <\/div>\r\n\t\t\t\t\t<span class=\"des-right-icon\"><\/span>\r\n\t\t        <\/div>\r\n\t\t\t\t\t<\/div>\r\n\r\n\t<!-- Style 1 End -->\t\r\n\t\t\r\n\t\t\t\t\t<\/div>\n\t\t\t\t<\/div>\n\t\t\r\n\t\t\t\t<div class=\"elementor-element elementor-element-82f2af2 elementor-widget elementor-widget-rs-button\" data-id=\"82f2af2\" data-element_type=\"widget\" data-e-type=\"widget\" data-widget_type=\"rs-button.default\">\n\t\t\t\t<div class=\"elementor-widget-container\">\n\t\t\t\t\t\t\t<div class=\"rs-button style1\">\r\n\t\t\t\t\t\t<a class=\"rs-btn\" href=\"https:\/\/maps.app.goo.gl\/uwkQeJY3n1VESc9c6\" target=_blank>\t\r\n\t\t\t\t<span>View Location \r\n\t\t\t\t\t\t\t\t\t<em>\r\n\t\t\t\t\t\t<svg xmlns=\"http:\/\/www.w3.org\/2000\/svg\" width=\"19\" height=\"12\" viewBox=\"0 0 19 12\" fill=\"none\"><path d=\"M18.5303 6.53033C18.8232 6.23744 18.8232 5.76256 18.5303 5.46967L13.7574 0.696698C13.4645 0.403805 12.9896 0.403805 12.6967 0.696698C12.4038 0.989591 12.4038 1.46447 12.6967 1.75736L16.9393 6L12.6967 10.2426C12.4038 10.5355 12.4038 11.0104 12.6967 11.3033C12.9896 11.5962 13.4645 11.5962 13.7574 11.3033L18.5303 6.53033ZM6.55671e-08 6.75L18 6.75L18 5.25L-6.55671e-08 5.25L6.55671e-08 6.75Z\" fill=\"#0D80CE\"><\/path><\/svg>\t\t\t\t\t\t<svg xmlns=\"http:\/\/www.w3.org\/2000\/svg\" width=\"19\" height=\"12\" viewBox=\"0 0 19 12\" fill=\"none\"><path d=\"M18.5303 6.53033C18.8232 6.23744 18.8232 5.76256 18.5303 5.46967L13.7574 0.696698C13.4645 0.403805 12.9896 0.403805 12.6967 0.696698C12.4038 0.989591 12.4038 1.46447 12.6967 1.75736L16.9393 6L12.6967 10.2426C12.4038 10.5355 12.4038 11.0104 12.6967 11.3033C12.9896 11.5962 13.4645 11.5962 13.7574 11.3033L18.5303 6.53033ZM6.55671e-08 6.75L18 6.75L18 5.25L-6.55671e-08 5.25L6.55671e-08 6.75Z\" fill=\"#0D80CE\"><\/path><\/svg>\t\t\t\t\t<\/em>\t\r\n\t\t\t\t\t\t\t\t<\/span>\r\n\t\t\t<\/a>\r\n\t\t<\/div>\r\n\t\t\t\t<\/div>\n\t\t\t\t<\/div>\n\t\t\t\t<\/div>\n\t\t\t\t\t<\/div>\n\t\t\t\t<\/div>\n\t\t\t\t\t<\/div>\n\t\t\t\t<\/div>\n\t\t\r\n\t\t<div class=\"default no-position show_shadow rs-sticky-default elementor-element elementor-element-0dcb9e6 e-flex e-con-boxed e-con e-parent\" data-id=\"0dcb9e6\" data-element_type=\"container\" data-e-type=\"container\">\n\t\t\t\t\t<div class=\"e-con-inner\">\n\t\t\r\n\t\t<div class=\"default no-position show_shadow rs-sticky-default elementor-element elementor-element-80c8bb3 e-con-full e-flex e-con e-child\" data-id=\"80c8bb3\" data-element_type=\"container\" data-e-type=\"container\">\n\t\t\r\n\t\t\t\t<div class=\"elementor-element elementor-element-e96c822 elementor-widget elementor-widget-heading\" data-id=\"e96c822\" data-element_type=\"widget\" data-e-type=\"widget\" data-widget_type=\"heading.default\">\n\t\t\t\t\t<h4 class=\"elementor-heading-title elementor-size-default\">KONUMUMUZ: Antalya\/T\u00fcrkiye<\/h4>\t\t\t\t<\/div>\n\t\t\r\n\t\t\t\t<div class=\"elementor-element elementor-element-8e7e222 elementor-widget elementor-widget-text-editor\" data-id=\"8e7e222\" data-element_type=\"widget\" data-e-type=\"widget\" data-widget_type=\"text-editor.default\">\n\t\t\t\t\t\t\t\t\t<p>G\u00fczeloba mahallesi \u00c7a\u011flayangil cadde No 3\/B Muratpa\u015fa Antalya<\/p>\t\t\t\t\t\t\t\t<\/div>\n\t\t\t\t<\/div>\n\t\t\r\n\t\t<div class=\"default no-position show_shadow rs-sticky-default elementor-element elementor-element-6e3f8dc e-con-full e-flex e-con e-child\" data-id=\"6e3f8dc\" data-element_type=\"container\" data-e-type=\"container\">\n\t\t\r\n\t\t\t\t<div class=\"elementor-element elementor-element-d763769 elementor-widget elementor-widget-heading\" data-id=\"d763769\" data-element_type=\"widget\" data-e-type=\"widget\" data-widget_type=\"heading.default\">\n\t\t\t\t\t<h4 class=\"elementor-heading-title elementor-size-default\">KONUMUMUZ: Bodrum\/T\u00fcrkiye<\/h4>\t\t\t\t<\/div>\n\t\t\r\n\t\t\t\t<div class=\"elementor-element elementor-element-78fbdef elementor-widget elementor-widget-text-editor\" data-id=\"78fbdef\" data-element_type=\"widget\" data-e-type=\"widget\" data-widget_type=\"text-editor.default\">\n\t\t\t\t\t\t\t\t\t<p>Yenik\u00f6y karaova mah. Pazarkuyular\u0131 k\u00fcme evleri No:7\/3 Bodrum\/MU\u011eLA<\/p>\t\t\t\t\t\t\t\t<\/div>\n\t\t\t\t<\/div>\n\t\t\t\t\t<\/div>\n\t\t\t\t<\/div>\n\t\t\t\t<\/div>\n\t\t","protected":false},"excerpt":{"rendered":"<p>B\u0130ZE ULA\u015eIN OF\u0130SLER\u0130M\u0130Z ANTALYA\/T\u00dcRKIYE +90 507 010 58 28 info@plusvizion.com P.tesi &#8211; Cuma 8.00 &#8211; 20.00 View Location BODRUM\/T\u00dcRKIYE +90 544 430 39 09 ali@plusvizion.com P.tesi &#8211; Cuma 8.00 &#8211; 20.00 View Location KONUMUMUZ: Antalya\/T\u00fcrkiye G\u00fczeloba mahallesi \u00c7a\u011flayangil cadde No 3\/B Muratpa\u015fa Antalya KONUMUMUZ: Bodrum\/T\u00fcrkiye Yenik\u00f6y karaova mah. Pazarkuyular\u0131 k\u00fcme evleri No:7\/3 Bodrum\/MU\u011eLA<\/p>\n","protected":false},"author":1,"featured_media":0,"parent":0,"menu_order":0,"comment_status":"closed","ping_status":"open","template":"elementor_header_footer","meta":{"_monsterinsights_skip_tracking":false,"_monsterinsights_sitenote_active":false,"_monsterinsights_sitenote_note":"","_monsterinsights_sitenote_category":0,"footnotes":""},"class_list":["post-15257","page","type-page","status-publish","hentry"],"aioseo_notices":[],"jetpack_sharing_enabled":true,"_links":{"self":[{"href":"https:\/\/plusvizion.com\/index.php\/wp-json\/wp\/v2\/pages\/15257","targetHints":{"allow":["GET"]}}],"collection":[{"href":"https:\/\/plusvizion.com\/index.php\/wp-json\/wp\/v2\/pages"}],"about":[{"href":"https:\/\/plusvizion.com\/index.php\/wp-json\/wp\/v2\/types\/page"}],"author":[{"embeddable":true,"href":"https:\/\/plusvizion.com\/index.php\/wp-json\/wp\/v2\/users\/1"}],"replies":[{"embeddable":true,"href":"https:\/\/plusvizion.com\/index.php\/wp-json\/wp\/v2\/comments?post=15257"}],"version-history":[{"count":3,"href":"https:\/\/plusvizion.com\/index.php\/wp-json\/wp\/v2\/pages\/15257\/revisions"}],"predecessor-version":[{"id":30067,"href":"https:\/\/plusvizion.com\/index.php\/wp-json\/wp\/v2\/pages\/15257\/revisions\/30067"}],"wp:attachment":[{"href":"https:\/\/plusvizion.com\/index.php\/wp-json\/wp\/v2\/media?parent=15257"}],"curies":[{"name":"wp","href":"https:\/\/api.w.org\/{rel}","templated":true}]}}